{"id":8,"date":"2019-09-09T20:12:14","date_gmt":"2019-09-09T20:12:14","guid":{"rendered":"https:\/\/anna.tommasi.li\/?page_id=8"},"modified":"2019-09-14T18:38:57","modified_gmt":"2019-09-14T18:38:57","slug":"startseite","status":"publish","type":"page","link":"https:\/\/anna.tommasi.li\/","title":{"rendered":"Das Projekt"},"content":{"rendered":"<p>Mein Name ist Anna Lena Tommasi und ich habe diesen Juli das Gymnasium abgeschlossen. Ich habe mich dazu entschieden, mein Zwischenjahr mit einem Einsatz von 10 Wochen auf der Insel Chios mit der Hilfsorganisation Offene Arme, ehemaliges Chios Eastern Shore Response Team, zu beginnen. Diese Website soll dazu dienen, meinen Bekanntenkreis und Interessierte auf dem Laufenden zu halten, sowie jegliche pers\u00f6nliche Erlebnisse und Eindr\u00fccke w\u00e4hrend dieser Zeit zu teilen.<\/p>\n<p>Der Einsatz dauert vom 13. September bis am 1. Dezember 2019.<\/p>\n<h5>Motivation<\/h5>\n<p>Was hat mich zu diesem Projekt bewogen? Unterschiedliche Gr\u00fcnde sprachen daf\u00fcr, mich in einem sozialen Bereich zu engagieren. Ich unterscheide sie zwischen gesellschaftlichen Umst\u00e4nden und individueller, pers\u00f6nlicher Motivation. Aus der ersten Kategorie m\u00f6chte ich kurz einige Beispiele erw\u00e4hnen, um auzuzeigen, was ich unter dem Begriff &#8222;gesellschaftliche Umst\u00e4nde&#8220; verstehe. Es handlet sich dabei um die ausserordentlichen Lebensverh\u00e4ltnisse, in denen ich und mein Umfeld leben. Jedoch werde ich hier nicht anfangen \u00fcber die privilegierte Wohlstandsgesellschaft, an der ich Teil habe, herzuziehen. Es ist nicht mein Ziel S\u00fcndenb\u00f6cke zu ernennen oder Schuldgef\u00fchle heraufzubeschw\u00f6ren. Ich m\u00f6chte bloss, von Zeit zu Zeit, mir mein Gl\u00fcck vor Augen halten, und mir all meiner Freiheit bewusst werden.\u00a0 Aus all den unz\u00e4hligen Privilegien, die mir zu eigen sind, ist f\u00fcr mich jenes der Bildung als Motivation f\u00fcr den Einsatz ausschlaggebend. Genauer gesagt ist es die F\u00e4higkeit, meine eigene Situation zu reflektieren und in einen Kontext zu setzen. Wer Verst\u00e4ndnis und Wissen \u00fcber die pers\u00f6nlichen Umst\u00e4nde hat, erlangt damit auch ein Gef\u00fchl der Kontrolle. Eine Situation kann uns nur solange paralysieren, wie wir sie nicht verstehen. So ist es jedenfalls mir ergangen. Doch auch die erw\u00e4hnte F\u00e4higkeit muss erst erlernt werden. Selbstreflexion und Hinterfragung sind schwierige Prozesse, welche man sich \u00fcber Zeit aneignen muss. Mir wurden sie gl\u00fccklicherweise in der Bildung und meinem Umfeld mit auf den Weg gegeben. Wenn die M\u00f6glichkeit besteht, dass ich Personen dabei helfen kann, sich ihrer Situation nicht mehr ausgeliefert zu f\u00fchlen, dann m\u00f6chte ich dies versuchen.<\/p>\n<p>Neben diesen gesellschaftlichen Umst\u00e4nden, haben mich auch ganz pers\u00f6nliche Veranlagungen dazu veranlasst, nach Chios zu gehen. N\u00e4mlich der Zug meines Charakters, welcher es nicht aush\u00e4lt still zu sitzen. Das &#8222;Dolce far&#8217;niente&#8220; ist mir unbekannt. Viel zu schnell beschleicht mich das Gef\u00fchl, meine Zeit zu verschwenden, also plane ich gerne meinen Tag, so dass ich ihn voll ausnutzen kann. Was hat das nun mit meinem Einsatz zu tun? Ich bin mir sicher, es gibt viele Leute, die gleich veranlagt sind wie ich. Ich bin mir auch sicher, dass unter den Fl\u00fcchtlingen, die momentan im Vial Camp auf Chios leben, ebenfalls viele Leute gleich veranlagt sind wie ich. Doch gibt es zwischen ihrer und meiner Situation einen fatalen Unterschied, der ihnen zum Verh\u00e4ngnis wird: Ich habe die M\u00f6glichkeit, mich zu besch\u00e4ftigen und dem Gef\u00fchl der Zeitverschwendung zu entkommen. Jenen Personen, die hier auf Chios festsitzen, wer weiss wie lange, gefangen in einer endlosen B\u00fcrkratieschlaufe, fehlt diese M\u00f6glichkeit. Egal wie sehr sie sich bem\u00fchen, ihre Zeit zu nutzen, geht Tag f\u00fcr Tag vor\u00fcber, ohne auch nur einen Schritt weitergekommen zu sein. Ich w\u00fcrde dieses Ausharren kaum aushalten. Auf meinem Einsatz erhoffe ich mir, diesen Leuten eine Besch\u00e4ftigung, eine art Zweck, f\u00fcr den Tag geben zu k\u00f6nnen. Vielleicht beim G\u00e4rtnern, in einem Sprachkurs oder beim Spielen mit den Kindern. Ich versuche beizutragen, das Vakuum, in dem sie sich befinden, auf irgendeine Weise mit Anregung und Unterst\u00fctzung zu f\u00fcllen.<\/p>\n","protected":false},"excerpt":{"rendered":"<p>Mein Name ist Anna Lena Tommasi und ich habe diesen Juli das Gymnasium abgeschlossen. Ich habe mich dazu entschieden, mein Zwischenjahr mit einem Einsatz von 10 Wochen auf der Insel Chios mit der Hilfsorganisation Offene Arme, ehemaliges Chios Eastern Shore Response Team, zu beginnen. Diese Website soll dazu dienen, meinen Bekanntenkreis und Interessierte auf dem &hellip; <\/p>\n<p class=\"link-more\"><a href=\"https:\/\/anna.tommasi.li\/\" class=\"more-link\"><span class=\"screen-reader-text\">\u201eDas Projekt\u201c <\/span>weiterlesen<\/a><\/p>\n","protected":false},"author":1,"featured_media":0,"parent":0,"menu_order":0,"comment_status":"closed","ping_status":"closed","template":"","meta":{"footnotes":""},"class_list":["post-8","page","type-page","status-publish","hentry"],"_links":{"self":[{"href":"https:\/\/anna.tommasi.li\/index.php\/wp-json\/wp\/v2\/pages\/8","targetHints":{"allow":["GET"]}}],"collection":[{"href":"https:\/\/anna.tommasi.li\/index.php\/wp-json\/wp\/v2\/pages"}],"about":[{"href":"https:\/\/anna.tommasi.li\/index.php\/wp-json\/wp\/v2\/types\/page"}],"author":[{"embeddable":true,"href":"https:\/\/anna.tommasi.li\/index.php\/wp-json\/wp\/v2\/users\/1"}],"replies":[{"embeddable":true,"href":"https:\/\/anna.tommasi.li\/index.php\/wp-json\/wp\/v2\/comments?post=8"}],"version-history":[{"count":18,"href":"https:\/\/anna.tommasi.li\/index.php\/wp-json\/wp\/v2\/pages\/8\/revisions"}],"predecessor-version":[{"id":126,"href":"https:\/\/anna.tommasi.li\/index.php\/wp-json\/wp\/v2\/pages\/8\/revisions\/126"}],"wp:attachment":[{"href":"https:\/\/anna.tommasi.li\/index.php\/wp-json\/wp\/v2\/media?parent=8"}],"curies":[{"name":"wp","href":"https:\/\/api.w.org\/{rel}","templated":true}]}}